{"id":26,"date":"2024-12-13T21:46:49","date_gmt":"2024-12-13T21:46:49","guid":{"rendered":"https:\/\/demo.gloriathemes.com\/platea\/demo\/?page_id=26"},"modified":"2026-05-08T21:21:54","modified_gmt":"2026-05-08T21:21:54","slug":"about-us","status":"publish","type":"page","link":"https:\/\/cendramarteldesigner.com\/fr\/about-us\/","title":{"rendered":"\u00c0 propos"},"content":{"rendered":"<div data-elementor-type=\"wp-page\" data-elementor-id=\"26\" class=\"elementor elementor-26\">\n\t\t\t\t<div class=\"elementor-element elementor-element-1aee648 e-flex e-con-boxed e-con e-parent\" data-id=\"1aee648\" data-element_type=\"container\" data-e-type=\"container\">\n\t\t\t\t\t<div class=\"e-con-inner\">\n\t\t<div class=\"elementor-element elementor-element-89c81a4 e-con-full e-flex e-con e-child\" data-id=\"89c81a4\" data-element_type=\"container\" data-e-type=\"container\">\n\t\t\t\t<div class=\"elementor-element elementor-element-02eeb48 elementor-widget__width-initial elementor-invisible elementor-widget elementor-widget-text-editor\" data-id=\"02eeb48\" data-element_type=\"widget\" data-e-type=\"widget\" data-settings=\"{&quot;_animation&quot;:&quot;fadeIn&quot;}\" data-widget_type=\"text-editor.default\">\n\t\t\t\t<div class=\"elementor-widget-container\">\n\t\t\t\t\t\t\t\t\t<p>Cendra Martel est une artiste multidisciplinaire accomplie et talentueuse. Profond\u00e9ment inspir\u00e9e par les couleurs, les formes et les textures, elle m\u00e8ne depuis plusieurs ann\u00e9es une brillante carri\u00e8re internationale en tant que cr\u00e9atrice de costumes et de pr\u00eat-\u00e0-porter, ainsi qu\u2019en tant qu\u2019illustratrice.<\/p><p>Dipl\u00f4m\u00e9e du Bauder Fashion College de Miami, Cendra a fait partie de l\u2019\u00e9quipe artistique charg\u00e9e d\u2019organiser les d\u00e9fil\u00e9s de grandes marques prestigieuses et internationales tels que Chanel, Armani, Karl Lagerfeld, AX et Harley Davidson.<\/p><p>En parall\u00e8le, avec sa ma\u00eetrise parfaite de tous les aspects de la cr\u00e9ation de mode et son souci du d\u00e9tail, elle s\u2019est sp\u00e9cialis\u00e9e pendant plus de quinze ans dans la cr\u00e9ation de robes de soir\u00e9e, de v\u00eatements de sport et d\u2019accessoires mode pour hommes et femmes. Son talent inn\u00e9 pour l\u2019illustration, l\u2019esquisse et le dessin, ajout\u00e9s \u00e0 son sens de l\u2019originalit\u00e9 et sa lecture innovante et renouvel\u00e9e des tendances de la mode, l\u2019ont conduite jusqu\u2019\u00e0 Los Angeles o\u00f9 elle est devenue l\u2019assistante de la c\u00e9l\u00e8bre costumi\u00e8re Marilyn Vance pendant plus d\u2019une douzaine d\u2019ann\u00e9es.<\/p><p>\u00c0 ses c\u00f4t\u00e9s, Cendra a pu perfectionner son art en cr\u00e9ant des costumes originaux pour transformer des dizaines de stars hollywoodiennes en personnages incarn\u00e9s, tant pour le cin\u00e9ma que pour la t\u00e9l\u00e9vision et le th\u00e9\u00e2tre. Fid\u00e8le \u00e0 elle-m\u00eame, elle s\u2019est appropri\u00e9 tous les types de costumes et s\u2019est distingu\u00e9e par son expertise en cr\u00e9ations originales. Son portfolio professionnel t\u00e9moigne d\u2019un large \u00e9ventail de styles allant des costumes d\u2019\u00e9poque \u00e0 la science-fiction, en passant par la Seconde Guerre mondiale, l\u2019imaginaire, la mode contemporaine et les ann\u00e9es soixante d\u00e9brid\u00e9es pour n\u2019en nommer que quelques-uns.<\/p>\t\t\t\t\t\t\t\t<\/div>\n\t\t\t\t<\/div>\n\t\t\t\t<\/div>\n\t\t<div class=\"elementor-element elementor-element-c9fc802 e-con-full e-flex e-con e-child\" data-id=\"c9fc802\" data-element_type=\"container\" data-e-type=\"container\">\n\t\t\t\t<div class=\"elementor-element elementor-element-ed32e04 elementor-invisible elementor-widget elementor-widget-image\" data-id=\"ed32e04\" data-element_type=\"widget\" data-e-type=\"widget\" data-settings=\"{&quot;_animation&quot;:&quot;fadeInRight&quot;}\" data-widget_type=\"image.default\">\n\t\t\t\t<div class=\"elementor-widget-container\">\n\t\t\t\t\t\t\t\t\t\t\t\t\t\t\t<img fetchpriority=\"high\" decoding=\"async\" width=\"1920\" height=\"2560\" src=\"https:\/\/cendramarteldesigner.com\/wp-content\/uploads\/2026\/02\/IMG_6951_result-scaled.webp\" class=\"attachment-full size-full wp-image-3232\" alt=\"\" srcset=\"https:\/\/cendramarteldesigner.com\/wp-content\/uploads\/2026\/02\/IMG_6951_result-scaled.webp 1920w, https:\/\/cendramarteldesigner.com\/wp-content\/uploads\/2026\/02\/IMG_6951_result-225x300.webp 225w, https:\/\/cendramarteldesigner.com\/wp-content\/uploads\/2026\/02\/IMG_6951_result-768x1024.webp 768w, https:\/\/cendramarteldesigner.com\/wp-content\/uploads\/2026\/02\/IMG_6951_result-1152x1536.webp 1152w, https:\/\/cendramarteldesigner.com\/wp-content\/uploads\/2026\/02\/IMG_6951_result-1536x2048.webp 1536w, https:\/\/cendramarteldesigner.com\/wp-content\/uploads\/2026\/02\/IMG_6951_result-9x12.webp 9w, https:\/\/cendramarteldesigner.com\/wp-content\/uploads\/2026\/02\/IMG_6951_result-600x800.webp 600w\" sizes=\"(max-width: 1920px) 100vw, 1920px\" \/>\t\t\t\t\t\t\t\t\t\t\t\t\t\t\t<\/div>\n\t\t\t\t<\/div>\n\t\t\t\t<\/div>\n\t\t\t\t\t<\/div>\n\t\t\t\t<\/div>\n\t\t<div class=\"elementor-element elementor-element-74097cc e-flex e-con-boxed e-con e-parent\" data-id=\"74097cc\" data-element_type=\"container\" data-e-type=\"container\">\n\t\t\t\t\t<div class=\"e-con-inner\">\n\t\t<div class=\"elementor-element elementor-element-00d2ffa e-con-full e-flex e-con e-child\" data-id=\"00d2ffa\" data-element_type=\"container\" data-e-type=\"container\">\n\t\t\t\t<div class=\"elementor-element elementor-element-4202d86 elementor-invisible elementor-widget elementor-widget-image\" data-id=\"4202d86\" data-element_type=\"widget\" data-e-type=\"widget\" data-settings=\"{&quot;_animation&quot;:&quot;fadeInLeft&quot;}\" data-widget_type=\"image.default\">\n\t\t\t\t<div class=\"elementor-widget-container\">\n\t\t\t\t\t\t\t\t\t\t\t\t\t\t\t<img decoding=\"async\" width=\"1659\" height=\"1230\" src=\"https:\/\/cendramarteldesigner.com\/wp-content\/uploads\/2026\/02\/IMG_2218.webp\" class=\"attachment-full size-full wp-image-3312\" alt=\"\" srcset=\"https:\/\/cendramarteldesigner.com\/wp-content\/uploads\/2026\/02\/IMG_2218.webp 1659w, https:\/\/cendramarteldesigner.com\/wp-content\/uploads\/2026\/02\/IMG_2218-300x222.webp 300w, https:\/\/cendramarteldesigner.com\/wp-content\/uploads\/2026\/02\/IMG_2218-1024x759.webp 1024w, https:\/\/cendramarteldesigner.com\/wp-content\/uploads\/2026\/02\/IMG_2218-768x569.webp 768w, https:\/\/cendramarteldesigner.com\/wp-content\/uploads\/2026\/02\/IMG_2218-1536x1139.webp 1536w, https:\/\/cendramarteldesigner.com\/wp-content\/uploads\/2026\/02\/IMG_2218-16x12.webp 16w, https:\/\/cendramarteldesigner.com\/wp-content\/uploads\/2026\/02\/IMG_2218-600x445.webp 600w\" sizes=\"(max-width: 1659px) 100vw, 1659px\" \/>\t\t\t\t\t\t\t\t\t\t\t\t\t\t\t<\/div>\n\t\t\t\t<\/div>\n\t\t\t\t<\/div>\n\t\t<div class=\"elementor-element elementor-element-eb56635 e-con-full e-flex e-con e-child\" data-id=\"eb56635\" data-element_type=\"container\" data-e-type=\"container\">\n\t\t\t\t<div class=\"elementor-element elementor-element-95fbc47 elementor-widget__width-initial elementor-invisible elementor-widget elementor-widget-text-editor\" data-id=\"95fbc47\" data-element_type=\"widget\" data-e-type=\"widget\" data-settings=\"{&quot;_animation&quot;:&quot;fadeIn&quot;}\" data-widget_type=\"text-editor.default\">\n\t\t\t\t<div class=\"elementor-widget-container\">\n\t\t\t\t\t\t\t\t\t<p>En 2003, Cendra habille Mila Jovovich pour la s\u00e9rie du Cirque du Soleil intitul\u00e9e Solstrom, diffus\u00e9e sur la cha\u00eene Bravo. En 2014, toujours avec Vance, leur cr\u00e9ation des costumes de la s\u00e9rie Bonnie &amp; Clyde de Sony Pictures Television est reconnue par leurs pairs pour leur conception et leur cr\u00e9ation exceptionnelles et se vaut une nomination aux Costume Designers Guild Awards.<\/p><p>Deux ans plus tard, le duo de choc Vance et Martel cr\u00e9e ensemble les tenues de Julia Roberts, Jennifer Aniston et Kate Hudson pour le long m\u00e9trage Mother\u2019s Day de Garry Marshall. Avant-gardiste et \u00e0 la recherche constante de nouveaux d\u00e9fis, Cendra touche aussi au monde de la sc\u00e8ne et de la musique en cr\u00e9ant, dans les ann\u00e9es 80, les costumes de sc\u00e8ne du groupe pop canadien Platinum Blonde pour leur tourn\u00e9e nationale. Quelques d\u00e9cennies plus tard,  Cendra  d\u00e9montre une fois de plus sa grande polyvalence en cr\u00e9ant toutes les tenues de sc\u00e8ne sur mesure pour Kiefer Sutherland lors de sa tourn\u00e9e europ\u00e9enne 2019 avec son groupe, le Kiefer Sutherland Band.<\/p><p>\u00c9picurienne et gourmande bien assum\u00e9e, Cendra ne se contente pas de cuisiner des plats. Elle leur donne vie en combinant habilement le savoir-faire de grands chefs et l\u2019esth\u00e9tique m\u00e9ticuleuse qui a d\u00e9j\u00e0 fait sa renomm\u00e9e dans le domaine du design, le tout impr\u00e9gn\u00e9 de son h\u00e9ritage culinaire familial traditionnel et de ses racines qu\u00e9b\u00e9coises.<\/p><p>Cendra est \u00e9galement membre votante de la Costume Designers Guild de l\u2019International Alliance of Theatrical and Stage Employees et si\u00e8ge chaque ann\u00e9e au sein de ses jurys de remise de prix.<\/p><p>La cr\u00e9ation de ce site web repr\u00e9sente pour elle une fa\u00e7on de partager ses nombreuses ann\u00e9es de passion pour le design, les arts culinaires, ses influences gastronomiques et familiales, et d\u2019inspirer par ses d\u00e9cors originaux sortis tout droit de son imagination toujours florissante.<\/p>\t\t\t\t\t\t\t\t<\/div>\n\t\t\t\t<\/div>\n\t\t\t\t<\/div>\n\t\t\t\t\t<\/div>\n\t\t\t\t<\/div>\n\t\t<div class=\"elementor-element elementor-element-86fff67 e-flex e-con-boxed e-con e-parent\" data-id=\"86fff67\" data-element_type=\"container\" data-e-type=\"container\" data-settings=\"{&quot;background_background&quot;:&quot;gradient&quot;}\">\n\t\t\t\t\t<div class=\"e-con-inner\">\n\t\t\t\t<div class=\"elementor-element elementor-element-68da453 elementor-invisible elementor-widget elementor-widget-image\" data-id=\"68da453\" data-element_type=\"widget\" data-e-type=\"widget\" data-settings=\"{&quot;_animation&quot;:&quot;fadeIn&quot;}\" data-widget_type=\"image.default\">\n\t\t\t\t<div class=\"elementor-widget-container\">\n\t\t\t\t\t\t\t\t\t\t\t\t\t\t\t<img decoding=\"async\" width=\"1500\" height=\"2000\" src=\"https:\/\/cendramarteldesigner.com\/wp-content\/uploads\/2025\/07\/cendra2025.jpg\" class=\"attachment-full size-full wp-image-3030\" alt=\"\" srcset=\"https:\/\/cendramarteldesigner.com\/wp-content\/uploads\/2025\/07\/cendra2025.jpg 1500w, https:\/\/cendramarteldesigner.com\/wp-content\/uploads\/2025\/07\/cendra2025-225x300.jpg 225w, https:\/\/cendramarteldesigner.com\/wp-content\/uploads\/2025\/07\/cendra2025-768x1024.jpg 768w, https:\/\/cendramarteldesigner.com\/wp-content\/uploads\/2025\/07\/cendra2025-1152x1536.jpg 1152w, https:\/\/cendramarteldesigner.com\/wp-content\/uploads\/2025\/07\/cendra2025-600x800.jpg 600w\" sizes=\"(max-width: 1500px) 100vw, 1500px\" \/>\t\t\t\t\t\t\t\t\t\t\t\t\t\t\t<\/div>\n\t\t\t\t<\/div>\n\t\t\t\t\t<\/div>\n\t\t\t\t<\/div>\n\t\t<div class=\"elementor-element elementor-element-e36344e e-flex e-con-boxed e-con e-parent\" data-id=\"e36344e\" data-element_type=\"container\" data-e-type=\"container\" data-settings=\"{&quot;background_background&quot;:&quot;classic&quot;}\">\n\t\t\t\t\t<div class=\"e-con-inner\">\n\t\t\t\t<div class=\"elementor-element elementor-element-0a8ee62 elementor-invisible elementor-widget elementor-widget-heading\" data-id=\"0a8ee62\" data-element_type=\"widget\" data-e-type=\"widget\" data-settings=\"{&quot;_animation&quot;:&quot;fadeInDown&quot;}\" data-widget_type=\"heading.default\">\n\t\t\t\t<div class=\"elementor-widget-container\">\n\t\t\t\t\t<h3 class=\"elementor-heading-title elementor-size-default\">Join us in exploring the art of cooking and create unforgettable meals. Start your culinary journey today!<\/h3>\t\t\t\t<\/div>\n\t\t\t\t<\/div>\n\t\t\t\t<div class=\"elementor-element elementor-element-0656bb6 elementor-invisible elementor-widget elementor-widget-platea-button-widget\" data-id=\"0656bb6\" data-element_type=\"widget\" data-e-type=\"widget\" data-settings=\"{&quot;_animation&quot;:&quot;fadeInDown&quot;}\" data-widget_type=\"platea-button-widget.default\">\n\t\t\t\t<div class=\"elementor-widget-container\">\n\t\t\t\t\t<div class=\"gt-button gt-style-5 gt-align-left\"><a href=\"\/fr\/all-recipes\/\"><span>Start Cooking Now<\/span><\/a><\/div>\t\t\t\t<\/div>\n\t\t\t\t<\/div>\n\t\t\t\t\t<\/div>\n\t\t\t\t<\/div>\n\t\t\t\t<\/div>","protected":false},"excerpt":{"rendered":"<p>Cendra Martel is an accomplished and talented multidisciplinary artist. Deeply inspired by colors, shapes, and textures, she has enjoyed a brilliant international career for several&#8230;<\/p>","protected":false},"author":2,"featured_media":0,"parent":0,"menu_order":0,"comment_status":"closed","ping_status":"closed","template":"","meta":{"footnotes":""},"class_list":["post-26","page","type-page","status-publish","hentry"],"yoast_head":"<!-- This site is optimized with the Yoast SEO plugin v27.5 - https:\/\/yoast.com\/product\/yoast-seo-wordpress\/ -->\n<title>About - Cendra Martel | Designer &amp; Home chef<\/title>\n<meta name=\"robots\" content=\"index, follow, max-snippet:-1, max-image-preview:large, max-video-preview:-1\" \/>\n<link rel=\"canonical\" href=\"https:\/\/cendramarteldesigner.com\/fr\/about-us\/\" \/>\n<meta property=\"og:locale\" content=\"fr_CA\" \/>\n<meta property=\"og:type\" content=\"article\" \/>\n<meta property=\"og:title\" content=\"About - Cendra Martel | Designer &amp; Home chef\" \/>\n<meta property=\"og:description\" content=\"Cendra Martel is an accomplished and talented multidisciplinary artist. Deeply inspired by colors, shapes, and textures, she has enjoyed a brilliant international career for several...\" \/>\n<meta property=\"og:url\" content=\"https:\/\/cendramarteldesigner.com\/fr\/about-us\/\" \/>\n<meta property=\"og:site_name\" content=\"Cendra Martel | Designer &amp; Home chef\" \/>\n<meta property=\"article:modified_time\" content=\"2026-05-08T21:21:54+00:00\" \/>\n<meta property=\"og:image\" content=\"https:\/\/cendramarteldesigner.com\/wp-content\/uploads\/2026\/02\/IMG_6951_result-scaled.webp\" \/>\n\t<meta property=\"og:image:width\" content=\"1920\" \/>\n\t<meta property=\"og:image:height\" content=\"2560\" \/>\n\t<meta property=\"og:image:type\" content=\"image\/webp\" \/>\n<meta name=\"twitter:card\" content=\"summary_large_image\" \/>\n<meta name=\"twitter:label1\" content=\"Estimation du temps de lecture\" \/>\n\t<meta name=\"twitter:data1\" content=\"3 minutes\" \/>\n<script type=\"application\/ld+json\" class=\"yoast-schema-graph\">{\"@context\":\"https:\\\/\\\/schema.org\",\"@graph\":[{\"@type\":\"WebPage\",\"@id\":\"https:\\\/\\\/cendramarteldesigner.com\\\/about-us\\\/\",\"url\":\"https:\\\/\\\/cendramarteldesigner.com\\\/about-us\\\/\",\"name\":\"About - Cendra Martel | Designer &amp; Home chef\",\"isPartOf\":{\"@id\":\"https:\\\/\\\/cendramarteldesigner.com\\\/#website\"},\"primaryImageOfPage\":{\"@id\":\"https:\\\/\\\/cendramarteldesigner.com\\\/about-us\\\/#primaryimage\"},\"image\":{\"@id\":\"https:\\\/\\\/cendramarteldesigner.com\\\/about-us\\\/#primaryimage\"},\"thumbnailUrl\":\"https:\\\/\\\/cendramarteldesigner.com\\\/wp-content\\\/uploads\\\/2026\\\/02\\\/IMG_6951_result-scaled.webp\",\"datePublished\":\"2024-12-13T21:46:49+00:00\",\"dateModified\":\"2026-05-08T21:21:54+00:00\",\"breadcrumb\":{\"@id\":\"https:\\\/\\\/cendramarteldesigner.com\\\/about-us\\\/#breadcrumb\"},\"inLanguage\":\"fr-CA\",\"potentialAction\":[{\"@type\":\"ReadAction\",\"target\":[\"https:\\\/\\\/cendramarteldesigner.com\\\/about-us\\\/\"]}]},{\"@type\":\"ImageObject\",\"inLanguage\":\"fr-CA\",\"@id\":\"https:\\\/\\\/cendramarteldesigner.com\\\/about-us\\\/#primaryimage\",\"url\":\"https:\\\/\\\/cendramarteldesigner.com\\\/wp-content\\\/uploads\\\/2026\\\/02\\\/IMG_6951_result-scaled.webp\",\"contentUrl\":\"https:\\\/\\\/cendramarteldesigner.com\\\/wp-content\\\/uploads\\\/2026\\\/02\\\/IMG_6951_result-scaled.webp\"},{\"@type\":\"BreadcrumbList\",\"@id\":\"https:\\\/\\\/cendramarteldesigner.com\\\/about-us\\\/#breadcrumb\",\"itemListElement\":[{\"@type\":\"ListItem\",\"position\":1,\"name\":\"Home\",\"item\":\"https:\\\/\\\/cendramarteldesigner.com\\\/\"},{\"@type\":\"ListItem\",\"position\":2,\"name\":\"About\"}]},{\"@type\":\"WebSite\",\"@id\":\"https:\\\/\\\/cendramarteldesigner.com\\\/#website\",\"url\":\"https:\\\/\\\/cendramarteldesigner.com\\\/\",\"name\":\"Cendra Martel | Designer &amp; Home chef\",\"description\":\"Los Angeles Costume Designer for film and t\u00e9l\u00e9vision, special event designer French Canadian &amp; home chef recipes creator\",\"publisher\":{\"@id\":\"https:\\\/\\\/cendramarteldesigner.com\\\/#organization\"},\"potentialAction\":[{\"@type\":\"SearchAction\",\"target\":{\"@type\":\"EntryPoint\",\"urlTemplate\":\"https:\\\/\\\/cendramarteldesigner.com\\\/?s={search_term_string}\"},\"query-input\":{\"@type\":\"PropertyValueSpecification\",\"valueRequired\":true,\"valueName\":\"search_term_string\"}}],\"inLanguage\":\"fr-CA\"},{\"@type\":\"Organization\",\"@id\":\"https:\\\/\\\/cendramarteldesigner.com\\\/#organization\",\"name\":\"Cendra Martel | Designer &amp; Home chef\",\"url\":\"https:\\\/\\\/cendramarteldesigner.com\\\/\",\"logo\":{\"@type\":\"ImageObject\",\"inLanguage\":\"fr-CA\",\"@id\":\"https:\\\/\\\/cendramarteldesigner.com\\\/#\\\/schema\\\/logo\\\/image\\\/\",\"url\":\"\",\"contentUrl\":\"\",\"caption\":\"Cendra Martel | Designer &amp; Home chef\"},\"image\":{\"@id\":\"https:\\\/\\\/cendramarteldesigner.com\\\/#\\\/schema\\\/logo\\\/image\\\/\"}}]}<\/script>\n<!-- \/ Yoast SEO plugin. -->","yoast_head_json":{"title":"About - Cendra Martel | Designer &amp; Home chef","robots":{"index":"index","follow":"follow","max-snippet":"max-snippet:-1","max-image-preview":"max-image-preview:large","max-video-preview":"max-video-preview:-1"},"canonical":"https:\/\/cendramarteldesigner.com\/fr\/about-us\/","og_locale":"fr_CA","og_type":"article","og_title":"About - Cendra Martel | Designer &amp; Home chef","og_description":"Cendra Martel is an accomplished and talented multidisciplinary artist. Deeply inspired by colors, shapes, and textures, she has enjoyed a brilliant international career for several...","og_url":"https:\/\/cendramarteldesigner.com\/fr\/about-us\/","og_site_name":"Cendra Martel | Designer &amp; Home chef","article_modified_time":"2026-05-08T21:21:54+00:00","og_image":[{"width":1920,"height":2560,"url":"https:\/\/cendramarteldesigner.com\/wp-content\/uploads\/2026\/02\/IMG_6951_result-scaled.webp","type":"image\/webp"}],"twitter_card":"summary_large_image","twitter_misc":{"Estimation du temps de lecture":"3 minutes"},"schema":{"@context":"https:\/\/schema.org","@graph":[{"@type":"WebPage","@id":"https:\/\/cendramarteldesigner.com\/about-us\/","url":"https:\/\/cendramarteldesigner.com\/about-us\/","name":"About - Cendra Martel | Designer &amp; Home chef","isPartOf":{"@id":"https:\/\/cendramarteldesigner.com\/#website"},"primaryImageOfPage":{"@id":"https:\/\/cendramarteldesigner.com\/about-us\/#primaryimage"},"image":{"@id":"https:\/\/cendramarteldesigner.com\/about-us\/#primaryimage"},"thumbnailUrl":"https:\/\/cendramarteldesigner.com\/wp-content\/uploads\/2026\/02\/IMG_6951_result-scaled.webp","datePublished":"2024-12-13T21:46:49+00:00","dateModified":"2026-05-08T21:21:54+00:00","breadcrumb":{"@id":"https:\/\/cendramarteldesigner.com\/about-us\/#breadcrumb"},"inLanguage":"fr-CA","potentialAction":[{"@type":"ReadAction","target":["https:\/\/cendramarteldesigner.com\/about-us\/"]}]},{"@type":"ImageObject","inLanguage":"fr-CA","@id":"https:\/\/cendramarteldesigner.com\/about-us\/#primaryimage","url":"https:\/\/cendramarteldesigner.com\/wp-content\/uploads\/2026\/02\/IMG_6951_result-scaled.webp","contentUrl":"https:\/\/cendramarteldesigner.com\/wp-content\/uploads\/2026\/02\/IMG_6951_result-scaled.webp"},{"@type":"BreadcrumbList","@id":"https:\/\/cendramarteldesigner.com\/about-us\/#breadcrumb","itemListElement":[{"@type":"ListItem","position":1,"name":"Home","item":"https:\/\/cendramarteldesigner.com\/"},{"@type":"ListItem","position":2,"name":"About"}]},{"@type":"WebSite","@id":"https:\/\/cendramarteldesigner.com\/#website","url":"https:\/\/cendramarteldesigner.com\/","name":"Cendra Martel | Designer &amp; Home chef","description":"Los Angeles Costume Designer for film and t\u00e9l\u00e9vision, special event designer French Canadian &amp; home chef recipes creator","publisher":{"@id":"https:\/\/cendramarteldesigner.com\/#organization"},"potentialAction":[{"@type":"SearchAction","target":{"@type":"EntryPoint","urlTemplate":"https:\/\/cendramarteldesigner.com\/?s={search_term_string}"},"query-input":{"@type":"PropertyValueSpecification","valueRequired":true,"valueName":"search_term_string"}}],"inLanguage":"fr-CA"},{"@type":"Organization","@id":"https:\/\/cendramarteldesigner.com\/#organization","name":"Cendra Martel | Designer &amp; Home chef","url":"https:\/\/cendramarteldesigner.com\/","logo":{"@type":"ImageObject","inLanguage":"fr-CA","@id":"https:\/\/cendramarteldesigner.com\/#\/schema\/logo\/image\/","url":"","contentUrl":"","caption":"Cendra Martel | Designer &amp; Home chef"},"image":{"@id":"https:\/\/cendramarteldesigner.com\/#\/schema\/logo\/image\/"}}]}},"_links":{"self":[{"href":"https:\/\/cendramarteldesigner.com\/fr\/wp-json\/wp\/v2\/pages\/26","targetHints":{"allow":["GET"]}}],"collection":[{"href":"https:\/\/cendramarteldesigner.com\/fr\/wp-json\/wp\/v2\/pages"}],"about":[{"href":"https:\/\/cendramarteldesigner.com\/fr\/wp-json\/wp\/v2\/types\/page"}],"author":[{"embeddable":true,"href":"https:\/\/cendramarteldesigner.com\/fr\/wp-json\/wp\/v2\/users\/2"}],"replies":[{"embeddable":true,"href":"https:\/\/cendramarteldesigner.com\/fr\/wp-json\/wp\/v2\/comments?post=26"}],"version-history":[{"count":37,"href":"https:\/\/cendramarteldesigner.com\/fr\/wp-json\/wp\/v2\/pages\/26\/revisions"}],"predecessor-version":[{"id":3797,"href":"https:\/\/cendramarteldesigner.com\/fr\/wp-json\/wp\/v2\/pages\/26\/revisions\/3797"}],"wp:attachment":[{"href":"https:\/\/cendramarteldesigner.com\/fr\/wp-json\/wp\/v2\/media?parent=26"}],"curies":[{"name":"wp","href":"https:\/\/api.w.org\/{rel}","templated":true}]}}